{"id":2882,"date":"2017-10-10T19:14:47","date_gmt":"2017-10-10T17:14:47","guid":{"rendered":"http:\/\/padani.eu\/bouldery\/?page_id=2882"},"modified":"2017-10-10T19:14:47","modified_gmt":"2017-10-10T17:14:47","slug":"petrohrad","status":"publish","type":"page","link":"http:\/\/padani.eu\/bouldery\/petrohrad\/","title":{"rendered":"Petrohrad"},"content":{"rendered":"<h2>Oblasti\/Areas:<\/h2>\n<ul>\n<li>\n<h3 class=\"page-title\"><a href=\"http:\/\/padani.eu\/bouldery\/category\/vetrna-hurka\/\">V\u011btrn\u00e1 h\u016frka<\/a><\/h3>\n<\/li>\n<li>\n<h3 class=\"page-title\"><a href=\"http:\/\/padani.eu\/bouldery\/category\/hrbitovni-kameny\/\">H\u0159bitovn\u00ed kameny<\/a><\/h3>\n<\/li>\n<li>\n<h3 class=\"page-title\"><a href=\"http:\/\/padani.eu\/bouldery\/category\/pod-hradem\/\">Pod hradem<\/a><\/h3>\n<\/li>\n<li>\n<h3 class=\"page-title\"><a href=\"http:\/\/padani.eu\/bouldery\/category\/josemit\/\">Josemit<\/a><\/h3>\n<\/li>\n<li>\n<h3 class=\"page-title\"><a href=\"http:\/\/padani.eu\/bouldery\/category\/podzimni-vez\/\">Podzimn\u00ed v\u011b\u017e<\/a><\/h3>\n<\/li>\n<li>\n<h3 class=\"page-title\"><a href=\"http:\/\/padani.eu\/bouldery\/category\/vyhlidkova-skala\/\">Vyhl\u00eddkov\u00e1 sk\u00e1la<\/a><\/h3>\n<\/li>\n<li>\n<h3 class=\"page-title\"><a href=\"http:\/\/padani.eu\/bouldery\/category\/brana\/\">Br\u00e1na<\/a><\/h3>\n<\/li>\n<li>\n<h3 class=\"page-title\"><a href=\"http:\/\/padani.eu\/bouldery\/category\/rybnicek\/\">Rybn\u00ed\u010dek<\/a><\/h3>\n<\/li>\n<\/ul>\n","protected":false},"excerpt":{"rendered":"<p>Oblasti\/Areas: V\u011btrn\u00e1 h\u016frka H\u0159bitovn\u00ed kameny Pod hradem Josemit Podzimn\u00ed v\u011b\u017e Vyhl\u00eddkov\u00e1 sk\u00e1la Br\u00e1na Rybn\u00ed\u010dek<\/p>\n","protected":false},"author":1,"featured_media":0,"parent":0,"menu_order":0,"comment_status":"closed","ping_status":"closed","template":"","meta":{"footnotes":""},"class_list":["post-2882","page","type-page","status-publish","hentry"],"_links":{"self":[{"href":"http:\/\/padani.eu\/bouldery\/wp-json\/wp\/v2\/pages\/2882","targetHints":{"allow":["GET"]}}],"collection":[{"href":"http:\/\/padani.eu\/bouldery\/wp-json\/wp\/v2\/pages"}],"about":[{"href":"http:\/\/padani.eu\/bouldery\/wp-json\/wp\/v2\/types\/page"}],"author":[{"embeddable":true,"href":"http:\/\/padani.eu\/bouldery\/wp-json\/wp\/v2\/users\/1"}],"replies":[{"embeddable":true,"href":"http:\/\/padani.eu\/bouldery\/wp-json\/wp\/v2\/comments?post=2882"}],"version-history":[{"count":3,"href":"http:\/\/padani.eu\/bouldery\/wp-json\/wp\/v2\/pages\/2882\/revisions"}],"predecessor-version":[{"id":2885,"href":"http:\/\/padani.eu\/bouldery\/wp-json\/wp\/v2\/pages\/2882\/revisions\/2885"}],"wp:attachment":[{"href":"http:\/\/padani.eu\/bouldery\/wp-json\/wp\/v2\/media?parent=2882"}],"curies":[{"name":"wp","href":"https:\/\/api.w.org\/{rel}","templated":true}]}}