{"id":34,"date":"2017-05-22T15:26:23","date_gmt":"2017-05-22T13:26:23","guid":{"rendered":"http:\/\/padani.eu\/czech\/?page_id=34"},"modified":"2017-05-22T20:30:35","modified_gmt":"2017-05-22T18:30:35","slug":"videa","status":"publish","type":"page","link":"https:\/\/padani.eu\/czech\/videa\/","title":{"rendered":"Videa"},"content":{"rendered":"<p>&nbsp;<\/p>\n<h3>Pozv\u00e1nka 2017 \/ Invitation 2017<\/h3>\n<p><iframe loading=\"lazy\" width=\"750\" height=\"422\" src=\"https:\/\/www.youtube.com\/embed\/J3SG7brGqYU?feature=oembed\" frameborder=\"0\" allow=\"accelerometer; autoplay; encrypted-media; gyroscope; picture-in-picture\" allowfullscreen><\/iframe><\/p>\n<h3>Johnny Dawes Arete 6A<\/h3>\n<p><iframe loading=\"lazy\" width=\"750\" height=\"422\" src=\"https:\/\/www.youtube.com\/embed\/NrmoDb0YYng?feature=oembed\" frameborder=\"0\" allow=\"accelerometer; autoplay; encrypted-media; gyroscope; picture-in-picture\" allowfullscreen><\/iframe><\/p>\n<p>&nbsp;<\/p>\n<p>&nbsp;<\/p>\n<h3 id=\"Deliverance\">Deliverance<\/h3>\n<p><iframe loading=\"lazy\" width=\"750\" height=\"422\" src=\"https:\/\/www.youtube.com\/embed\/agOux7bOmSo?feature=oembed\" frameborder=\"0\" allow=\"accelerometer; autoplay; encrypted-media; gyroscope; picture-in-picture\" allowfullscreen><\/iframe><\/p>\n<p>&nbsp;<\/p>\n<p>&nbsp;<\/p>\n<h3 id=\"inivation2016\">invitation to Petrohradsk\u00e9 pad\u00e1n\u00ed 2016<\/h3>\n<p><iframe loading=\"lazy\" width=\"750\" height=\"422\" src=\"https:\/\/www.youtube.com\/embed\/kbNSzq65sMA?feature=oembed\" frameborder=\"0\" allow=\"accelerometer; autoplay; encrypted-media; gyroscope; picture-in-picture\" allowfullscreen><\/iframe><\/p>\n<p>&nbsp;<\/p>\n<p>&nbsp;<\/p>\n<h3 id=\"SOFT&amp;NICE\">SOFT &amp; NICE<\/h3>\n<p><iframe loading=\"lazy\" width=\"750\" height=\"422\" src=\"https:\/\/www.youtube.com\/embed\/xFt_04oMmwg?feature=oembed\" frameborder=\"0\" allow=\"accelerometer; autoplay; encrypted-media; gyroscope; picture-in-picture\" allowfullscreen><\/iframe><\/p>\n<p>&nbsp;<\/p>\n<p>&nbsp;<\/p>\n<h3 id=\"Society8b+\">Petr Resch &#8211; Black River Society 8B+<\/h3>\n<p><iframe loading=\"lazy\" width=\"750\" height=\"422\" src=\"https:\/\/www.youtube.com\/embed\/Y3_weWehWEc?feature=oembed\" frameborder=\"0\" allow=\"accelerometer; autoplay; encrypted-media; gyroscope; picture-in-picture\" allowfullscreen><\/iframe><\/p>\n<p>&nbsp;<\/p>\n<p>&nbsp;<\/p>\n<h3 id=\"Pad\u00e1n\u00ed2015\">Rafiki Petrohradsk\u00e9 padan\u00ed 2015<\/h3>\n<p><iframe loading=\"lazy\" width=\"750\" height=\"422\" src=\"https:\/\/www.youtube.com\/embed\/h_y4oOmjT54?feature=oembed\" frameborder=\"0\" allow=\"accelerometer; autoplay; encrypted-media; gyroscope; picture-in-picture\" allowfullscreen><\/iframe><\/p>\n<p>&nbsp;<\/p>\n<p>&nbsp;<\/p>\n<h3 id=\"inivation2015\">invitation to Rafiki Petrohradsk\u00e9 pad\u00e1n\u00ed 2015<\/h3>\n<p><iframe loading=\"lazy\" width=\"750\" height=\"422\" src=\"https:\/\/www.youtube.com\/embed\/9MD0vba0yYY?feature=oembed\" frameborder=\"0\" allow=\"accelerometer; autoplay; encrypted-media; gyroscope; picture-in-picture\" allowfullscreen><\/iframe><\/p>\n<p>&nbsp;<\/p>\n","protected":false},"excerpt":{"rendered":"<p>&nbsp; Pozv\u00e1nka 2017 \/ Invitation 2017 Johnny Dawes Arete 6A &nbsp; &nbsp; Deliverance &nbsp; &nbsp; invitation to Petrohradsk\u00e9 pad\u00e1n\u00ed 2016 &nbsp; &nbsp; SOFT &amp; NICE &nbsp; &nbsp; Petr Resch &#8211; Black River Society 8B+ &nbsp; &nbsp; Rafiki Petrohradsk\u00e9 padan\u00ed 2015 [&hellip;]<\/p>\n","protected":false},"author":1,"featured_media":0,"parent":0,"menu_order":0,"comment_status":"closed","ping_status":"closed","template":"","meta":{"footnotes":""},"_links":{"self":[{"href":"https:\/\/padani.eu\/czech\/wp-json\/wp\/v2\/pages\/34"}],"collection":[{"href":"https:\/\/padani.eu\/czech\/wp-json\/wp\/v2\/pages"}],"about":[{"href":"https:\/\/padani.eu\/czech\/wp-json\/wp\/v2\/types\/page"}],"author":[{"embeddable":true,"href":"https:\/\/padani.eu\/czech\/wp-json\/wp\/v2\/users\/1"}],"replies":[{"embeddable":true,"href":"https:\/\/padani.eu\/czech\/wp-json\/wp\/v2\/comments?post=34"}],"version-history":[{"count":3,"href":"https:\/\/padani.eu\/czech\/wp-json\/wp\/v2\/pages\/34\/revisions"}],"predecessor-version":[{"id":70,"href":"https:\/\/padani.eu\/czech\/wp-json\/wp\/v2\/pages\/34\/revisions\/70"}],"wp:attachment":[{"href":"https:\/\/padani.eu\/czech\/wp-json\/wp\/v2\/media?parent=34"}],"curies":[{"name":"wp","href":"https:\/\/api.w.org\/{rel}","templated":true}]}}